{"id":10,"date":"2018-03-15T10:50:21","date_gmt":"2018-03-15T10:50:21","guid":{"rendered":"http:\/\/wp.efforttech.net\/newwp\/shina\/?page_id=10"},"modified":"2023-01-08T10:54:26","modified_gmt":"2023-01-08T10:54:26","slug":"home-version-1","status":"publish","type":"page","link":"https:\/\/blausmo.com\/","title":{"rendered":"Inicio"},"content":{"rendered":"<p><section class=\"kc-elm kc-css-500366 kc_row\"><div class=\"kc-row-container\"><div class=\"kc-wrap-columns\"><div class=\"kc-elm kc-css-858662 kc_col-sm-12 kc_column kc_col-sm-12\"><div class=\"kc-col-container\">\n<section class=\"main-slider\">\n    <div class=\"rev_slider_wrapper fullwidthbanner-container\"  id=\"rev_slider_one_wrapper\" data-source=\"gallery\">\n\t\n        \n\t\t\t<!-- START Home REVOLUTION SLIDER 6.5.31 --><p class=\"rs-p-wp-fix\"><\/p>\n\t\t\t<rs-module-wrap id=\"rev_slider_1_1_wrapper\" data-source=\"gallery\" style=\"visibility:hidden;background:transparent;padding:0;margin:0px auto;margin-top:0;margin-bottom:0;\">\n\t\t\t\t<rs-module id=\"rev_slider_1_1\" style=\"\" data-version=\"6.5.31\">\n\t\t\t\t\t<rs-slides>\n\t\t\t\t\t\t<rs-slide style=\"position: absolute;\" data-key=\"rs-1\" data-title=\"Slide\" data-anim=\"ms:600;\" data-in=\"o:0;\" data-out=\"a:false;\">\n\t\t\t\t\t\t\t<img src=\"\/\/blausmo.com\/wp-content\/plugins\/revslider\/public\/assets\/assets\/dummy.png\" alt=\"\" title=\"restaurantetierra\" width=\"1440\" height=\"960\" class=\"rev-slidebg tp-rs-img rs-lazyload\" data-lazyload=\"\/\/blausmo.com\/wp-content\/uploads\/2022\/12\/restaurantetierra.jpg\" data-no-retina>\n<!--\n\t\t\t\t\t\t\t--><rs-layer\n\t\t\t\t\t\t\t\tid=\"slider-1-slide-1-layer-2\" \n\t\t\t\t\t\t\t\tdata-type=\"text\"\n\t\t\t\t\t\t\t\tdata-rsp_ch=\"on\"\n\t\t\t\t\t\t\t\tdata-xy=\"x:l,l,c,c;yo:223px,223px,206px,151px;\"\n\t\t\t\t\t\t\t\tdata-text=\"w:normal;s:60,60,60,30;l:70,70,70,42;fw:700,700,600,700;a:left,left,center,center;\"\n\t\t\t\t\t\t\t\tdata-dim=\"w:504.51599999999996px,504px,auto,400px;\"\n\t\t\t\t\t\t\t\tdata-frame_0=\"y:100%;\"\n\t\t\t\t\t\t\t\tdata-frame_0_mask=\"u:t;\"\n\t\t\t\t\t\t\t\tdata-frame_1=\"sp:2000;\"\n\t\t\t\t\t\t\t\tdata-frame_1_mask=\"u:t;\"\n\t\t\t\t\t\t\t\tdata-frame_999=\"o:0;st:w;sR:7000;\"\n\t\t\t\t\t\t\t\tstyle=\"z-index:5;font-family:'Raleway';\"\n\t\t\t\t\t\t\t><br \/>Colaboraci\u00f3n \nResponsabilidad\nConfianza<br \/><br \/> \n\t\t\t\t\t\t\t<\/rs-layer><!--\n\n\t\t\t\t\t\t\t--><rs-layer\n\t\t\t\t\t\t\t\tid=\"slider-1-slide-1-layer-11\" \n\t\t\t\t\t\t\t\tdata-type=\"shape\"\n\t\t\t\t\t\t\t\tdata-rsp_ch=\"on\"\n\t\t\t\t\t\t\t\tdata-xy=\"x:l,l,c,c;xo:62px,101px,0,0;y:t,t,m,m;yo:261px,264px,-110px,-107px;\"\n\t\t\t\t\t\t\t\tdata-text=\"w:normal;s:20,17,12,7;l:0,21,15,9;\"\n\t\t\t\t\t\t\t\tdata-dim=\"w:3px,2px,150px,92px;h:120px,120px,3px,1px;\"\n\t\t\t\t\t\t\t\tdata-frame_999=\"o:0;st:w;sR:8700;\"\n\t\t\t\t\t\t\t\tstyle=\"z-index:9;background-color:rgba(255,255,255,0.4);\"\n\t\t\t\t\t\t\t> \n\t\t\t\t\t\t\t<\/rs-layer><!--\n-->\t\t\t\t\t\t<\/rs-slide>\n\t\t\t\t\t<\/rs-slides>\n\t\t\t\t<\/rs-module>\n\t\t\t\t<script>\n\t\t\t\t\tsetREVStartSize({c: 'rev_slider_1_1',rl:[1240,1024,778,480],el:[770,768,960,720],gw:[1200,1024,778,480],gh:[770,768,960,720],type:'standard',justify:'',layout:'fullwidth',mh:\"0\"});if (window.RS_MODULES!==undefined && window.RS_MODULES.modules!==undefined && window.RS_MODULES.modules[\"revslider11\"]!==undefined) {window.RS_MODULES.modules[\"revslider11\"].once = false;window.revapi1 = undefined;if (window.RS_MODULES.checkMinimal!==undefined) window.RS_MODULES.checkMinimal()}\n\t\t\t\t<\/script>\n\t\t\t<\/rs-module-wrap>\n\t\t\t<!-- END REVOLUTION SLIDER -->\n    <\/div>\n<\/section><\/div><\/div><\/div><\/div><\/section><section class=\"kc-elm kc-css-680621 kc_row\"><div class=\"kc-row-container\"><div class=\"kc-wrap-columns\"><div class=\"kc-elm kc-css-864237 kc_col-sm-12 kc_column kc_col-sm-12\"><div class=\"kc-col-container\"><div class=\"kc-elm kc-css-912504\" style=\"height: 20px; clear: both; width:100%;\"><\/div>\r\n<!--About Section-->\r\n<section class=\"about-section\" style=\"background-image:url(https:\/\/blausmo.com\/wp-content\/themes\/shina\/images\/background\/7.jpg)\">\r\n    <div class=\"auto-container\">\r\n        <div class=\"row clearfix\">\r\n\r\n            <!--Content Column-->\r\n            <div class=\"content-column col-md-6 col-sm-12 col-xs-12\">\r\n                <div class=\"inner-column\">\r\n                    <!--Sec Title-->\r\n                    <div class=\"sec-title\">\r\n                        <div class=\"title\"><\/div>\r\n                        <h2>Sobre nosotros<\/h2>\r\n                        <div class=\"separator\"><\/div>\r\n                    <\/div>\r\n                    <div class=\"bold-text\"><\/div>\r\n                    <div class=\"text\">\r\n                        Blausmo naci\u00f3 con la clara vocaci\u00f3n de rigor, seriedad y compromiso en la prestaci\u00f3n de los servicios, sabiendo interpretar fielmente las necesidades del sector y ejecutando los objetivos en tiempos y costes.\r\n<br>\r\n<br>\r\nSomos especialistas en la realizaci\u00f3n y el desarrollo de soluciones entorno a su reforma. Creemos que el balance de un proyecto requiere de la m\u00e1xima:\r\n<br>\r\n<br>\r\n- Colaboraci\u00f3n\r\n<br>\r\n\u2028\u2028- Responsabilidad\r\n<br>\r\n\u2028\u2028- Confianza\r\n<br>\r\n<br>\r\n\r\n\r\n                    <\/div>\r\n                <\/div>\r\n            <\/div>\r\n            <!--Image Column-->\r\n            <div class=\"image-column col-md-6 col-sm-12 col-xs-12\">\r\n                <div class=\"image\">\r\n                    <img src=\"http:\/\/blausmo.com\/wp-content\/uploads\/2023\/01\/nosotros-scaled.jpg\" alt=\"image\" \/>\r\n                <\/div>\r\n            <\/div>\r\n\r\n        <\/div>\r\n    <\/div>\r\n<\/section>\r\n<!--End About Section--><div class=\"kc-elm kc-css-550773\" style=\"height: 20px; clear: both; width:100%;\"><\/div><\/div><\/div><\/div><\/div><\/section><section class=\"kc-elm kc-css-33553 kc_row\"><div class=\"kc-row-container\"><div class=\"kc-wrap-columns\"><div class=\"kc-elm kc-css-542386 kc_col-sm-12 kc_column kc_col-sm-12\"><div class=\"kc-col-container\">\r\n<!--About Section-->\r\n<section class=\"about-section\" style=\"background-image:url(https:\/\/blausmo.com\/wp-content\/themes\/shina\/images\/background\/7.jpg)\">\r\n    <div class=\"auto-container\">\r\n        <div class=\"row clearfix\">\r\n\r\n            <!--Content Column-->\r\n            <div class=\"content-column col-md-6 col-sm-12 col-xs-12\">\r\n                <div class=\"inner-column\">\r\n                    <!--Sec Title-->\r\n                    <div class=\"sec-title\">\r\n                        <div class=\"title\"><\/div>\r\n                        <h2>Nuestros Servicios<\/h2>\r\n                        <div class=\"separator\"><\/div>\r\n                    <\/div>\r\n                    <div class=\"bold-text\">Realizamos soluciones personalizadas\r\n<\/div>\r\n                    <div class=\"text\">\r\n                        En funci\u00f3n de las necesidades de cada proyecto, independientemente de su envergadura o complejidad.\u2028\r\n<br>\r\n<br>\r\nPor medio de nuestros profesionales y colaboradores nos encargamos del desarrollo \u00edntegro de la reforma.\r\n<br>\r\n<br>\r\nPrestamos nuestros servicios tanto a nivel nacional como internacional. Nuestro \u00e9xito se basa en el cumplimiento de los plazos y la calidad de nuestros trabajos y servicios.\r\n<br>\r\n<br>                    <\/div>\r\n                <\/div>\r\n            <\/div>\r\n            <!--Image Column-->\r\n            <div class=\"image-column col-md-6 col-sm-12 col-xs-12\">\r\n                <div class=\"image\">\r\n                    <img src=\"http:\/\/blausmo.com\/wp-content\/uploads\/2022\/12\/ho4_section_bg01-1.png\" alt=\"image\" \/>\r\n                <\/div>\r\n            <\/div>\r\n\r\n        <\/div>\r\n    <\/div>\r\n<\/section>\r\n<!--End About Section--><div class=\"kc-elm kc-css-978895\" style=\"height: 20px; clear: both; width:100%;\"><\/div><\/div><\/div><\/div><\/div><\/section><\/p>\n","protected":false},"excerpt":{"rendered":"","protected":false},"author":1,"featured_media":0,"parent":0,"menu_order":0,"comment_status":"closed","ping_status":"closed","template":"tpl-footer_style_two.php","meta":[],"_links":{"self":[{"href":"https:\/\/blausmo.com\/index.php?rest_route=\/wp\/v2\/pages\/10"}],"collection":[{"href":"https:\/\/blausmo.com\/index.php?rest_route=\/wp\/v2\/pages"}],"about":[{"href":"https:\/\/blausmo.com\/index.php?rest_route=\/wp\/v2\/types\/page"}],"author":[{"embeddable":true,"href":"https:\/\/blausmo.com\/index.php?rest_route=\/wp\/v2\/users\/1"}],"replies":[{"embeddable":true,"href":"https:\/\/blausmo.com\/index.php?rest_route=%2Fwp%2Fv2%2Fcomments&post=10"}],"version-history":[{"count":94,"href":"https:\/\/blausmo.com\/index.php?rest_route=\/wp\/v2\/pages\/10\/revisions"}],"predecessor-version":[{"id":797,"href":"https:\/\/blausmo.com\/index.php?rest_route=\/wp\/v2\/pages\/10\/revisions\/797"}],"wp:attachment":[{"href":"https:\/\/blausmo.com\/index.php?rest_route=%2Fwp%2Fv2%2Fmedia&parent=10"}],"curies":[{"name":"wp","href":"https:\/\/api.w.org\/{rel}","templated":true}]}}